{"id":191,"date":"2020-11-11T09:24:49","date_gmt":"2020-11-11T09:24:49","guid":{"rendered":"https:\/\/www.medi-kuss.de\/?page_id=191"},"modified":"2023-09-12T07:31:48","modified_gmt":"2023-09-12T07:31:48","slug":"impressum","status":"publish","type":"page","link":"https:\/\/medismile.cloudsystems.hu\/hu\/impressum\/","title":{"rendered":"Impresszum"},"content":{"rendered":"<p>[et_pb_section fb_built=&#8220;1&#8243; _builder_version=&#8220;4.16&#8243; _module_preset=&#8220;default&#8220; global_colors_info=&#8220;{}&#8220;][et_pb_row _builder_version=&#8220;4.16&#8243; _module_preset=&#8220;default&#8220; width=&#8220;100%&#8220; max_width=&#8220;1280px&#8220; global_colors_info=&#8220;{}&#8220;][et_pb_column type=&#8220;4_4&#8243; _builder_version=&#8220;4.16&#8243; _module_preset=&#8220;default&#8220; global_colors_info=&#8220;{}&#8220;][et_pb_text module_class=&#8220;width-880px&#8220; _builder_version=&#8220;4.21.0&#8243; _module_preset=&#8220;default&#8220; hover_enabled=&#8220;0&#8243; global_colors_info=&#8220;{}&#8220; sticky_enabled=&#8220;0&#8243;]<\/p>\n<p style=\"font-weight: 400;\"><strong>IMPRESSZUM \u00c9S SZERZ\u0150I JOGOK<\/strong><\/p>\n<p style=\"font-weight: 400;\"><strong>\u00a0<\/strong><\/p>\n<ol>\n<li style=\"font-weight: 400;\"><strong> AZ \u00dcZEMELTET\u0150 ADATAI<\/strong><\/li>\n<\/ol>\n<p style=\"font-weight: 400;\">A https:\/\/medi-smile.com weboldal \u00fczemeltet\u0151je:<\/p>\n<ul>\n<li>C\u00e9gn\u00e9v: Medismile Korl\u00e1tolt Felel\u0151ss\u00e9g\u0171 T\u00e1rsas\u00e1g<\/li>\n<li>Sz\u00e9khely: 1053 Budapest, Henszlmann Imre utca 7. 2. em. 11A. ajt\u00f3\u00a0<\/li>\n<li>Ad\u00f3sz\u00e1m: 27487787-1-41<\/li>\n<li>C\u00e9gjegyz\u00e9ksz\u00e1m: 01-09-392078<\/li>\n<li>Nyilv\u00e1ntartja: F\u0151v\u00e1rosi T\u00f6rv\u00e9nysz\u00e9k C\u00e9gb\u00edr\u00f3s\u00e1ga<\/li>\n<li>Elektronikus lev\u00e9lc\u00edm: <span><a href=\"mailto:info@medi-smile.com\">info@medi-smile.com<\/a><\/span><\/li>\n<li>Telefonsz\u00e1m: +36 80\u00a0200 700<\/li>\n<\/ul>\n<p style=\"font-weight: 400;\"><strong><u>\u00a0<\/u><\/strong><\/p>\n<ol start=\"2\">\n<li style=\"font-weight: 400;\"><strong> A T\u00c1RHELY SZOLG\u00c1LTAT\u00d3 ADATAI<\/strong><\/li>\n<\/ol>\n<p style=\"font-weight: 400;\"><span>A https:\/\/medi-smile.com weboldal t\u00e1rhely\u00e9t biztos\u00edt\u00f3 c\u00e9g adatai: <\/span><\/p>\n<ul>\n<li><span> C\u00e9gn\u00e9v: SMB Best Admin Kft<\/span><\/li>\n<li><span> Sz\u00e9khely: 1163 Budapest M\u00e1t\u00e9 utca 2<\/span><\/li>\n<li><span> Ad\u00f3sz\u00e1m: 11675-334-2-42<\/span><\/li>\n<li><span> C\u00e9gjegyz\u00e9ksz\u00e1m: 01 09 963033<\/span><\/li>\n<li><span> Nyilv\u00e1ntartja: F\u0151v\u00e1rosi T\u00f6rv\u00e9nysz\u00e9k C\u00e9gb\u00edr\u00f3s\u00e1ga<\/span><\/li>\n<li><span> Elektronikus lev\u00e9lc\u00edm: ceginfo@smbbest.hu<\/span><\/li>\n<li><span> Telefonsz\u00e1m: +36-1-607-8139<\/span><\/li>\n<li><span> Weboldal: http:\/\/smbbest.hu<\/span><\/li>\n<\/ul>\n<p style=\"font-weight: 400;\"><strong><u>\u00a0<\/u><\/strong><\/p>\n<ol start=\"3\">\n<li style=\"font-weight: 400;\"><strong> M\u0170K\u00d6D\u00c9ST ENGED\u00c9LYEZ\u0150 HAT\u00d3S\u00c1G ADATAI:<\/strong><\/li>\n<\/ol>\n<ul>\n<li>N\u00e9v: Nemzeti N\u00e9peg\u00e9szs\u00e9g\u00fcgyi K\u00f6zpont<\/li>\n<li>Sz\u00e9khelye: 1097 Budapest, Albert Fl\u00f3ri\u00e1n \u00fat 2-6.<\/li>\n<li>Levelez\u00e9si c\u00edme: 1437 Budapest, Pf. 777<\/li>\n<li>Telefonsz\u00e1m: +36 1 476 1100<\/li>\n<li>Elektronikus lev\u00e9lc\u00edm: <span><a href=\"mailto:tisztifoorvos@nnk.gov.hu\">tisztifoorvos@nnk.gov.hu<\/a><\/span><\/li>\n<\/ul>\n<p style=\"font-weight: 400;\"><strong><u>\u00a0<\/u><\/strong><\/p>\n<ol start=\"4\">\n<li style=\"font-weight: 400;\"><strong> K\u00d6TELEZ\u0150 SZAKMAI- \u00c9RDEKK\u00c9PVISELET ADATAI:<\/strong><\/li>\n<\/ol>\n<ul>\n<li>N\u00e9v: Magyar Orvosi Kamara Fogorvosi Tagozat<\/li>\n<li>Sz\u00e9khely: 1068 Budapest, Szondi u. 100.<\/li>\n<li>Levelez\u00e9si c\u00edme: 1398 Budapest 62, Pf. 581<\/li>\n<li>Telefonsz\u00e1m: +36 1 353 21 88<\/li>\n<li>Elektronikus lev\u00e9lc\u00edm: <span><a href=\"mailto:kamara@fogorvos.hu\">kamara@fogorvos.hu<\/a><\/span><\/li>\n<\/ul>\n<p style=\"font-weight: 400;\">\n<ol start=\"5\">\n<li style=\"font-weight: 400;\"><strong> SZAKMAI FELEL\u0150SS\u00c9GB\u00cdZOS\u00cdT\u00c1S<\/strong><\/li>\n<\/ol>\n<ul>\n<li>N\u00e9v: Nemzeti Eg\u00e9szs\u00e9gbiztos\u00edt\u00e1si Alapkezel\u0151<\/li>\n<li>Sz\u00e9khely: 1139 Budapest, V\u00e1ci \u00fat 73\/A.<\/li>\n<li>Telefonsz\u00e1m: +36 1\u00a0350 20 01<\/li>\n<li>Elektronikus lev\u00e9lc\u00edm: <span><a href=\"mailto:neak@neak.gov.hu\">neak@neak.gov.hu<\/a><\/span><\/li>\n<li>Weboldal: <span><a href=\"http:\/\/www.neak.gov.hu\/\">http:\/\/www.neak.gov.hu\/<\/a><\/span><\/li>\n<\/ul>\n<p style=\"font-weight: 400;\">\n<ol start=\"6\">\n<li style=\"font-weight: 400;\"><strong> VITARENDEZ\u00c9S<\/strong><\/li>\n<\/ol>\n<p style=\"font-weight: 400;\"><strong>\u00a0<\/strong><\/p>\n<p style=\"font-weight: 400;\">Az Eur\u00f3pai Bizotts\u00e1g online vitarendez\u00e9si platformot (Online Dispute Resolution) hozott l\u00e9tre annak \u00e9rdek\u00e9ben, hogy a fogyaszt\u00f3i jogvit\u00e1k peren k\u00edv\u00fcli rendez\u00e9s\u00e9hez jogi mechanizmust biztos\u00edtson. A platform a http:\/\/ec.europa.eu\/consumers\/odr\/ weboldalon \u00e9rhet\u0151 el.<\/p>\n<p style=\"font-weight: 400;\"><strong>\u00a0<\/strong><\/p>\n<ol start=\"7\">\n<li style=\"font-weight: 400;\"><strong> JOGV\u00c9DELEM<\/strong><\/li>\n<\/ol>\n<ul>\n<li>N\u00e9v: Integr\u00e1lt Jogv\u00e9delmi Szolg\u00e1lat<\/li>\n<li>Sz\u00e9khely: 1134 Budapest, T\u00fcz\u00e9r u. 33-35.<\/li>\n<li>Levelez\u00e9si c\u00edme: 1365 Bp., Pf. 646<\/li>\n<li>Telefonsz\u00e1m: +36 1\u00a0896 90 00<\/li>\n<li>Elektronikus lev\u00e9lc\u00edm: <span><a href=\"mailto:ijsz@ijsz.bm.gov.hu\">ijsz@ijsz.bm.gov.hu<\/a><\/span><\/li>\n<li>Weboldal: <span><a href=\"https:\/\/www.ijsz.hu\/\">https:\/\/www.ijsz.hu\/<\/a><\/span><\/li>\n<\/ul>\n<p style=\"font-weight: 400;\">\n<ol start=\"8\">\n<li style=\"font-weight: 400;\"><strong> BETEGJOGI K\u00c9PVISEL\u0150<\/strong><\/li>\n<\/ol>\n<p style=\"font-weight: 400;\"><strong>\u00a0<\/strong><\/p>\n<ul>\n<li>N\u00e9v: Dr. Mina Andr\u00e1s<\/li>\n<li>Sz\u00e9khely: 1134 Budapest, T\u00fcz\u00e9r u. 33-35.<\/li>\n<li>Fogad\u00f3helye: Szent R\u00f3kus K\u00f3rh\u00e1z (1085 Bp. Gyulai P. u. 2-4.)<\/li>\n<li>Telefonsz\u00e1m: +36 20 4899 577<\/li>\n<li>Elektronikus lev\u00e9lc\u00edm: <span><a href=\"mailto:andras.mina@ijb.emmi.gov.hu\">mina@ijb.emmi.gov.hu<\/a><\/span><\/li>\n<\/ul>\n<p style=\"font-weight: 400;\"><strong><u>\u00a0<\/u><\/strong><\/p>\n<ol start=\"9\">\n<li style=\"font-weight: 400;\"><strong> FELEL\u0150SS\u00c9G V\u00c1LLAL\u00c1S<\/strong><\/li>\n<\/ol>\n<p style=\"font-weight: 400;\"><strong>\u00a0<\/strong><\/p>\n<p style=\"font-weight: 400;\">A weboldal megl\u00e1togat\u00e1s\u00e1val tudom\u00e1sul veszi \u00e9s elfogadja, hogy nem \u00e1ll m\u00f3dunkban felel\u0151ss\u00e9get v\u00e1llalni az \u00e1ltalunk hivatkozott oldalakon szerepl\u0151 tartalmak\u00e9rt. A hivatkozott tartalom megjelen\u00edt\u00e9se vagy a hivatkozott weboldalra mutat\u00f3 link biztos\u00edt\u00e1sa nem jelenti a hivatkozott oldalakon bemutatott term\u00e9kekkel, hirdet\u00e9sekkel vagy egy\u00e9b anyagokkal t\u00f6rt\u00e9n\u0151 azonosul\u00e1sunkat.<\/p>\n<p style=\"font-weight: 400;\">\n<p style=\"font-weight: 400;\">A k\u00fcls\u0151 webhelyekre mutat\u00f3 hivatkoz\u00e1sok tartalm\u00e1ra nem rendelkez\u00fcnk r\u00e1hat\u00e1ssal, ez\u00e9rt ezen k\u00fcls\u0151 tartalmak\u00e9rt felel\u0151ss\u00e9get v\u00e1llalni nem tudunk. A weboldal l\u00e1togat\u00f3ja, annak folytat\u00f3lagos haszn\u00e1lat\u00e1val tudom\u00e1sul veszi \u00e9s elfogadja, hogy nem v\u00e1llalunk felel\u0151ss\u00e9get semmilyen k\u00e1r\u00e9rt, vesztes\u00e9g\u00e9rt vagy k\u00f6lts\u00e9g\u00e9rt, amely a hivatkozott oldalakon el\u00e9rhet\u0151 tartalmak, \u00e1ruk vagy szolg\u00e1ltat\u00e1sokkal \u00f6sszef\u00fcgg\u00e9sben keletkezik. A hivatkozott oldalakat a linkel\u00e9skor minden esetben ellen\u0151rizz\u00fck, \u00e9s csak azokat tessz\u00fck k\u00f6zz\u00e9, amelyek vonatkoz\u00e1s\u00e1ban a linkel\u00e9s id\u0151pontj\u00e1ban illeg\u00e1lis tartalom nem volt sz\u00e1munkra felismerhet\u0151.<\/p>\n<p style=\"font-weight: 400;\"><strong><u>\u00a0<\/u><\/strong><\/p>\n<ol start=\"10\">\n<li style=\"font-weight: 400;\"><strong> SZERZ\u0150I JOGOK<\/strong><\/li>\n<\/ol>\n<p style=\"font-weight: 400;\">\n<p style=\"font-weight: 400;\">Azzal, hogy megl\u00e1togatja a <span><a href=\"https:\/\/medi-smile.com\/\">https:\/\/medi-smile.com<\/a><\/span> weboldalt, tudom\u00e1sul veszi \u00e9s elfogadja az al\u00e1bbi felt\u00e9teleket.<\/p>\n<p style=\"font-weight: 400;\">\n<p style=\"font-weight: 400;\">A weboldalon megjelen\u0151, valamennyi m\u00e9dia (k\u00e9p, vide\u00f3) \u00e9s sz\u00f6veg tartalom jogi v\u00e9delem alatt \u00e1ll, amelyek szerz\u0151i jogi jogosultja a Medismile Kft.<\/p>\n<p style=\"font-weight: 400;\">\n<p style=\"font-weight: 400;\">Az oldal l\u00e1togat\u00f3ja kiz\u00e1r\u00f3lag a tartalmak megtekint\u00e9s\u00e9re \u00e9s mag\u00e1nc\u00e9l\u00fa haszn\u00e1lat\u00e1ra jogosult, \u00edgy a jogtulajdonos \u00edr\u00e1sos enged\u00e9lye n\u00e9lk\u00fcl azokat nyilv\u00e1noss\u00e1ghoz nem k\u00f6zvet\u00edtheti, nem sokszoros\u00edthatja, nem dolgozhatja \u00e1t, nem digitaliz\u00e1lhatja \u00fajra, nem terjesztheti \u00e9s semmilyen egy\u00e9b m\u00e1s m\u00f3d\u00fa felhaszn\u00e1l\u00e1sukra nem jogosult.<\/p>\n<p style=\"font-weight: 400;\">\n<p style=\"font-weight: 400;\">A l\u00e1togat\u00f3 tudom\u00e1sul veszi, hogy a jelen fejezetben foglaltakkal ellent\u00e9tes jogs\u00e9rt\u0151 magatart\u00e1sa alapj\u00e1n a jogtulajdonos ellene peres \u00faton fell\u00e9phet \u00e9s k\u00e1rt\u00e9r\u00edt\u00e9st k\u00f6vetelhet, illetve amennyiben a jogs\u00e9rt\u00e9ssel vagyoni h\u00e1tr\u00e1nyt okoz, \u00fagy cselekm\u00e9nye b\u00fcntet\u0151jogi felel\u0151ss\u00e9gre von\u00e1st is megalapozhat.<\/p>\n<p style=\"font-weight: 400;\">\n<p style=\"font-weight: 400;\">Amennyiben a weboldalon szerepl\u0151 tartalmat m\u00e9gsem az \u00fczemeltet\u0151 hozta l\u00e9tre, annyiban a felhaszn\u00e1l\u00e1s sor\u00e1n t\u00f6rekszik a harmadik szem\u00e9lyek szerz\u0151i jogainak \u00e9rv\u00e9nyes\u00edt\u00e9s\u00e9re, k\u00fcl\u00f6n\u00f6sen a szerz\u0151 nev\u00e9nek szerepeltet\u00e9s\u00e9vel. Ha mindezek ellen\u00e9re szerz\u0151i jogs\u00e9rt\u00e9sr\u0151l szerez tudom\u00e1st a weboldalon, k\u00e9rj\u00fck, hogy ennek megfelel\u0151en t\u00e1j\u00e9koztasson benn\u00fcnket. A tudom\u00e1sszerz\u00e9st k\u00f6vet\u0151en halad\u00e9ktalanul v\u00e1llaljuk az ilyen tartalmak elt\u00e1vol\u00edt\u00e1s\u00e1t weboldalunkr\u00f3l.<\/p>\n<p style=\"font-weight: 400;\">\n<p style=\"font-weight: 400;\">Budapest, 2023. 09.11.<\/p>\n<p style=\"font-weight: 400;\">Medismile Kft.<\/p>\n<p style=\"font-weight: 400;\">\n<p>&nbsp;<\/p>\n<p>[\/et_pb_text][\/et_pb_column][\/et_pb_row][\/et_pb_section]<\/p>","protected":false},"excerpt":{"rendered":"<p>IMPRESSZUM \u00c9S SZERZ\u0150I JOGOK \u00a0 AZ \u00dcZEMELTET\u0150 ADATAI A https:\/\/medi-smile.com weboldal \u00fczemeltet\u0151je: C\u00e9gn\u00e9v: Medismile Korl\u00e1tolt Felel\u0151ss\u00e9g\u0171 T\u00e1rsas\u00e1g Sz\u00e9khely: 1053 Budapest, Henszlmann Imre utca 7. 2. em. 11A. ajt\u00f3\u00a0 Ad\u00f3sz\u00e1m: 27487787-1-41 C\u00e9gjegyz\u00e9ksz\u00e1m: 01-09-392078 Nyilv\u00e1ntartja: F\u0151v\u00e1rosi T\u00f6rv\u00e9nysz\u00e9k C\u00e9gb\u00edr\u00f3s\u00e1ga Elektronikus lev\u00e9lc\u00edm: info@medi-smile.com Telefonsz\u00e1m: +36 80\u00a0200 700 \u00a0 A T\u00c1RHELY SZOLG\u00c1LTAT\u00d3 ADATAI A https:\/\/medi-smile.com weboldal t\u00e1rhely\u00e9t biztos\u00edt\u00f3 c\u00e9g adatai: [&hellip;]<\/p>","protected":false},"author":2,"featured_media":0,"parent":0,"menu_order":0,"comment_status":"closed","ping_status":"closed","template":"","meta":{"_et_pb_use_builder":"on","_et_pb_old_content":"","_et_gb_content_width":""},"acf":[],"yoast_head":"<!-- This site is optimized with the Yoast SEO plugin v20.7 - https:\/\/yoast.com\/wordpress\/plugins\/seo\/ -->\n<title>Impressum | Medi-Kuss Hamburg<\/title>\n<meta name=\"description\" content=\"Hier finden Sie das Impressum der Medi-Kuss Gesichtschirurgie Hamburg-Mitte. Ihre Praxis f\u00fcr Gesichts-, Mund- und Kieferchurgie.\" \/>\n<meta name=\"robots\" content=\"noindex, follow, max-snippet:-1, max-image-preview:large, max-video-preview:-1\" \/>\n<meta property=\"og:locale\" content=\"hu_HU\" \/>\n<meta property=\"og:type\" content=\"article\" \/>\n<meta property=\"og:title\" content=\"Impressum | Medi-Kuss Hamburg\" \/>\n<meta property=\"og:description\" content=\"Hier finden Sie das Impressum der Medi-Kuss Gesichtschirurgie Hamburg-Mitte. Ihre Praxis f\u00fcr Gesichts-, Mund- und Kieferchurgie.\" \/>\n<meta property=\"og:url\" content=\"https:\/\/medismile.cloudsystems.hu\/hu\/impressum\/\" \/>\n<meta property=\"og:site_name\" content=\"Zahn\u00e4rzte- und \u00c4rzteteam in Budapest\" \/>\n<meta property=\"article:modified_time\" content=\"2023-09-12T07:31:48+00:00\" \/>\n<meta name=\"twitter:card\" content=\"summary_large_image\" \/>\n<script type=\"application\/ld+json\" class=\"yoast-schema-graph\">{\"@context\":\"https:\/\/schema.org\",\"@graph\":[{\"@type\":\"WebPage\",\"@id\":\"https:\/\/medismile.cloudsystems.hu\/impressum\/\",\"url\":\"https:\/\/medismile.cloudsystems.hu\/impressum\/\",\"name\":\"Impressum | Medi-Kuss Hamburg\",\"isPartOf\":{\"@id\":\"https:\/\/medismile.cloudsystems.hu\/#website\"},\"datePublished\":\"2020-11-11T09:24:49+00:00\",\"dateModified\":\"2023-09-12T07:31:48+00:00\",\"description\":\"Hier finden Sie das Impressum der Medi-Kuss Gesichtschirurgie Hamburg-Mitte. Ihre Praxis f\u00fcr Gesichts-, Mund- und Kieferchurgie.\",\"inLanguage\":\"hu\",\"potentialAction\":[{\"@type\":\"ReadAction\",\"target\":[\"https:\/\/medismile.cloudsystems.hu\/impressum\/\"]}]},{\"@type\":\"WebSite\",\"@id\":\"https:\/\/medismile.cloudsystems.hu\/#website\",\"url\":\"https:\/\/medismile.cloudsystems.hu\/\",\"name\":\"Zahn\u00e4rzte- und \u00c4rzteteam in Budapest\",\"description\":\"Medismile\",\"potentialAction\":[{\"@type\":\"SearchAction\",\"target\":{\"@type\":\"EntryPoint\",\"urlTemplate\":\"https:\/\/medismile.cloudsystems.hu\/?s={search_term_string}\"},\"query-input\":\"required name=search_term_string\"}],\"inLanguage\":\"hu\"}]}<\/script>\n<!-- \/ Yoast SEO plugin. -->","yoast_head_json":{"title":"Impressum | Medi-Kuss Hamburg","description":"Hier finden Sie das Impressum der Medi-Kuss Gesichtschirurgie Hamburg-Mitte. Ihre Praxis f\u00fcr Gesichts-, Mund- und Kieferchurgie.","robots":{"index":"noindex","follow":"follow","max-snippet":"max-snippet:-1","max-image-preview":"max-image-preview:large","max-video-preview":"max-video-preview:-1"},"og_locale":"hu_HU","og_type":"article","og_title":"Impressum | Medi-Kuss Hamburg","og_description":"Hier finden Sie das Impressum der Medi-Kuss Gesichtschirurgie Hamburg-Mitte. Ihre Praxis f\u00fcr Gesichts-, Mund- und Kieferchurgie.","og_url":"https:\/\/medismile.cloudsystems.hu\/hu\/impressum\/","og_site_name":"Zahn\u00e4rzte- und \u00c4rzteteam in Budapest","article_modified_time":"2023-09-12T07:31:48+00:00","twitter_card":"summary_large_image","schema":{"@context":"https:\/\/schema.org","@graph":[{"@type":"WebPage","@id":"https:\/\/medismile.cloudsystems.hu\/impressum\/","url":"https:\/\/medismile.cloudsystems.hu\/impressum\/","name":"Impressum | Medi-Kuss Hamburg","isPartOf":{"@id":"https:\/\/medismile.cloudsystems.hu\/#website"},"datePublished":"2020-11-11T09:24:49+00:00","dateModified":"2023-09-12T07:31:48+00:00","description":"Hier finden Sie das Impressum der Medi-Kuss Gesichtschirurgie Hamburg-Mitte. Ihre Praxis f\u00fcr Gesichts-, Mund- und Kieferchurgie.","inLanguage":"hu","potentialAction":[{"@type":"ReadAction","target":["https:\/\/medismile.cloudsystems.hu\/impressum\/"]}]},{"@type":"WebSite","@id":"https:\/\/medismile.cloudsystems.hu\/#website","url":"https:\/\/medismile.cloudsystems.hu\/","name":"Zahn\u00e4rzte- und \u00c4rzteteam in Budapest","description":"Medismile","potentialAction":[{"@type":"SearchAction","target":{"@type":"EntryPoint","urlTemplate":"https:\/\/medismile.cloudsystems.hu\/?s={search_term_string}"},"query-input":"required name=search_term_string"}],"inLanguage":"hu"}]}},"_links":{"self":[{"href":"https:\/\/medismile.cloudsystems.hu\/hu\/wp-json\/wp\/v2\/pages\/191"}],"collection":[{"href":"https:\/\/medismile.cloudsystems.hu\/hu\/wp-json\/wp\/v2\/pages"}],"about":[{"href":"https:\/\/medismile.cloudsystems.hu\/hu\/wp-json\/wp\/v2\/types\/page"}],"author":[{"embeddable":true,"href":"https:\/\/medismile.cloudsystems.hu\/hu\/wp-json\/wp\/v2\/users\/2"}],"replies":[{"embeddable":true,"href":"https:\/\/medismile.cloudsystems.hu\/hu\/wp-json\/wp\/v2\/comments?post=191"}],"version-history":[{"count":20,"href":"https:\/\/medismile.cloudsystems.hu\/hu\/wp-json\/wp\/v2\/pages\/191\/revisions"}],"predecessor-version":[{"id":7663,"href":"https:\/\/medismile.cloudsystems.hu\/hu\/wp-json\/wp\/v2\/pages\/191\/revisions\/7663"}],"wp:attachment":[{"href":"https:\/\/medismile.cloudsystems.hu\/hu\/wp-json\/wp\/v2\/media?parent=191"}],"curies":[{"name":"wp","href":"https:\/\/api.w.org\/{rel}","templated":true}]}}